{"id":275,"date":"2019-01-29T21:50:31","date_gmt":"2019-01-29T19:50:31","guid":{"rendered":"http:\/\/myexpo.webprojekts.lv\/?page_id=275"},"modified":"2023-12-26T12:56:37","modified_gmt":"2023-12-26T10:56:37","slug":"about-us","status":"publish","type":"page","link":"https:\/\/myexpo.lv\/en\/about-us\/","title":{"rendered":"About Us"},"content":{"rendered":"<div class=\"row\">\n<div class=\"col-sm-8 col-md-6 col-sm-offset-2 col-md-offset-3 mb30\">\n<div class=\"section-title text-center\">\n<h2 class=\"heading center\">Who we are?<\/h2>\n<\/div>\n<\/div>\n<\/div>\n<p><span class=\"HwtZe\" lang=\"en\"><span class=\"jCAhz ChMk0b\"><span class=\"ryNqvb\">We are a company that has been organizing events and fairs in Latvia for more than 18 years.<\/span><\/span> <span class=\"jCAhz ChMk0b\"><span class=\"ryNqvb\">We are holding a fair in Riga in 2024 and a fair in Latvia in 2024.<\/span><\/span> <span class=\"jCAhz ChMk0b\"><span class=\"ryNqvb\">The fair calendar for 2024 and applications for fairs in 2024 are available on our website www.myexpo.lv at each specific fair.<\/span><\/span> <span class=\"jCAhz ChMk0b\"><span class=\"ryNqvb\">The price for a stand at the fair is also indicated there.<\/span><\/span> <span class=\"jCAhz ChMk0b\"><span class=\"ryNqvb\">Spring fairs in 2024, plant fairs in 2024, fairs in Latgale, fairs in Limba\u017ei, fairs in Riga, and fairs in Latvia in general are widely visited.<\/span><\/span> <span class=\"jCAhz ChMk0b\"><span class=\"ryNqvb\">Fairs in V\u00e4rmanes garden in 2024, fairs in \u0100da\u017ei in 2024, fairs in Jurmala in 2024, fairs in Jelgava in 2024, fairs in Valmiera in 2024, fairs in Liepaja in 2024, fairs in Riga in 2024 are popular among our traders.<\/span><\/span><\/span><\/p>\n<p><span class=\"HwtZe\" lang=\"en\"><span class=\"jCAhz ChMk0b\"><span class=\"ryNqvb\">#gadatirgi #gadatirgus #gadatirgilatvija #gadatirgilatvija #christmasv\u0113tki #zimassv\u0113kugadatargus #tirdzi\u0146iR\u012bg\u0101 #tirdzi\u0146iLatvija #facebooktirdzi\u0146i #gadatirguskalend\u0101rs<\/span><\/span><\/span><\/p>\n<div class=\"row\">\n<div class=\"col-sm-6 mt15\">\n<div class=\"image wow fadeInLeft\" data-wow-duration=\"1s\"><img src=\"https:\/\/myexpo.lv\/wp-content\/uploads\/2021\/05\/1.jpg\" alt=\"Image \/\" \/><\/div>\n<h3 class=\"heading uppercase\">All year together with us!<\/h3>\n<p>We hold fair trade throughout the year: weddings, school, holiday, entertainment, Autumn fairs, and Christmas bazaars<\/p>\n<div class=\"image wow fadeInUp\" data-wow-duration=\"1s\"><img src=\"https:\/\/myexpo.lv\/wp-content\/uploads\/2021\/05\/2.jpg\" alt=\"Image \/\" \/><\/div>\n<\/div>\n<div class=\"col-sm-6\">\n<h3 class=\"heading mb-0 uppercase\">Our experience<\/h3>\n<p>We have participated in international and local faire trade and exhibitions: Rome, Geneva, Dubai, Oslo, Vienna, Vilnius, Berlin, Tallinn, and, of course, here in Riga.<\/p>\n<p>We have a great experience and international contacts, and we are convinced that we can prove our professional skills by organizing fair trade in Riga and in other major cities in Latvia!<\/p>\n<div class=\"image wow fadeInRight\" data-wow-duration=\"1s\" data-wow-delay=\"0.5s\"><img src=\"https:\/\/myexpo.lv\/wp-content\/uploads\/2021\/05\/3.jpg\" alt=\"Image \/\" \/><\/div>\n<h3 class=\"heading uppercase\">Let&#8217;s do business with us!<\/h3>\n<p>We&#8217;ve also created a group of friends on Facebook&#8217;s My Expo &#8211; Sv\u0113tku tirgus Latvij\u0101, where everyone can find friends and business partners. Place for free ads and discuss the news in fair trade business!<\/p>\n<p>In Instagramm we are #svetkutirgus<\/p>\n<p>Welcome to the nice and successful cooperation!<\/p>\n<\/div>\n<\/div>\n","protected":false},"excerpt":{"rendered":"<p>Who we are? We are a company that has been organizing events and fairs in Latvia for more than 18 years. We are holding a fair in Riga in 2024 and a fair in Latvia in 2024. The fair calendar for 2024 and applications for fairs in 2024 are available on our website www.myexpo.lv at [&hellip;]<\/p>\n","protected":false},"author":1,"featured_media":0,"parent":0,"menu_order":0,"comment_status":"closed","ping_status":"closed","template":"page-about.php","meta":[],"_links":{"self":[{"href":"https:\/\/myexpo.lv\/en\/wp-json\/wp\/v2\/pages\/275"}],"collection":[{"href":"https:\/\/myexpo.lv\/en\/wp-json\/wp\/v2\/pages"}],"about":[{"href":"https:\/\/myexpo.lv\/en\/wp-json\/wp\/v2\/types\/page"}],"author":[{"embeddable":true,"href":"https:\/\/myexpo.lv\/en\/wp-json\/wp\/v2\/users\/1"}],"replies":[{"embeddable":true,"href":"https:\/\/myexpo.lv\/en\/wp-json\/wp\/v2\/comments?post=275"}],"version-history":[{"count":19,"href":"https:\/\/myexpo.lv\/en\/wp-json\/wp\/v2\/pages\/275\/revisions"}],"predecessor-version":[{"id":24268,"href":"https:\/\/myexpo.lv\/en\/wp-json\/wp\/v2\/pages\/275\/revisions\/24268"}],"wp:attachment":[{"href":"https:\/\/myexpo.lv\/en\/wp-json\/wp\/v2\/media?parent=275"}],"curies":[{"name":"wp","href":"https:\/\/api.w.org\/{rel}","templated":true}]}}