{"id":567,"date":"2019-04-16T22:07:48","date_gmt":"2019-04-16T19:07:48","guid":{"rendered":"https:\/\/myexpo.lv\/?page_id=567"},"modified":"2026-03-29T15:00:27","modified_gmt":"2026-03-29T12:00:27","slug":"dalyvavimo-rengine-taisykles","status":"publish","type":"page","link":"https:\/\/myexpo.lv\/lt\/dalyvavimo-rengine-taisykles\/","title":{"rendered":"Dalyvavimo taisykl\u0117s"},"content":{"rendered":"<p>&nbsp;<\/p>\n<p style=\"text-align: right;\">2025.06.20 (aktualine redakcija)*<\/p>\n<p><strong>DALYVAVIMO RENGINE TAISYKL\u0116S<\/strong><\/p>\n<p><strong>1.Renginio dalyvis<\/strong><\/p>\n<p><strong>1.1.<\/strong>Renginio organizatorius yra My Expo, UAB arba MAINSO MARKETING 1, UAB, <span class=\"sentence sentence-14-0\"><span class=\"phrase phrase-14-0-1-2-3-4-5-6-7-8-9-10-11-12-13-14-15-16-17-18-19-20-21-22-23-24-25-26-27-28-29-30-31-32-33-34-35-36-37-38-39-40-41-42-43-44-45-46-47-48-49-50-51-52-53-54-55-56-57-58-59-60-61-62-63-64-65-66-67-68-69-0-1-2-3-4-5-6-7-8-9-10-11-12-13-14-15-16-17-18-19-20-21-22-23-24-25-26-27-28-29-30-31-32-33-34-35-36-37-38-39-40-41-42-43-44-45-46-47-48-49-50-51-52-53-54-55-56-57-58-59-60-61-62-63-64-65-66-67-68-69-70-71-72-73-74-75-76-77-78-79-80-81\"><span class=\"word word-14-10-20 sibling-14-10-15\">CRAFT MARKET, UAB <\/span><\/span><\/span>\u00a0(priklausomai nuo konkretaus mug\u0117s formato, temos, vietos ir \u0161alies; toliau \u2013 Renginio organizatorius), kuris organizuoja i\u0161kylamuosius turgus lauke arba patalpose ir turi teis\u0119 naudoti prek\u0117s \u017eenkl\u0105 \u201eMy Expo\u201c,\u00a0 \u201eSv\u0113tku tirgus\u201c un \u201eMuges Latvijoje\u201c\u00a0 bei mug\u0117s s\u0105lygas ir taisykles**.<\/p>\n<ol start=\"2\">\n<li><strong> Registracija renginiui<\/strong><\/li>\n<\/ol>\n<p><strong>2.1.<\/strong>Registracija vyksta Renginio organizatoriaus tinklalapyje www.myexpo.lv, u\u017epild\u017eius parai\u0161kos form\u0105.<\/p>\n<p>2.2. Dalyvavimas renginyje patvirtinamas per 2 (dvi) darbo dienas. Renginio organizatorius siun\u010dia Renginio dalyviui el. pa\u0161ta. Lai\u0161k\u0105 su patvirtinimu ir i\u0161ankstinio apmok\u0117jimo s\u0105skaita. S\u0105skaita parodo dalyvio pasirinkto stendo bendr\u0105 sum\u0105 ir numer\u012f.<\/p>\n<ol start=\"3\">\n<li><strong> Mok\u0117jimo tvarka<\/strong><\/li>\n<\/ol>\n<p>3.1. Renginio dalyvis privalo sumok\u0117ti I\u0161ankstinio apmok\u0117jimo s\u0105skaita fakt\u016bra per 5 darbo dienas. Jei s\u0105skaita fakt\u016bra n\u0117ra sumok\u0117ta per nustatyt\u0105 termin\u0105, Renginio organizatorius turi teis\u0119 be \u012fsp\u0117jimo at\u0161aukti Dalyvio registracij\u0105 ir registruot\u0105 stend\u0105.<\/p>\n<p>3.2. S\u0105skaitos fakt\u016bros originala Renginio dalyvis gali gauti , informuodamas Renginio organizatori\u0173 apie tai bent 5 dienas iki Renginio.<\/p>\n<p>3.3. Jei Renginio dalyvis u\u017esiregistravo, moka u\u017e dalyvavim\u0105 Renginyje, ta\u010diau neatvyko, Renginio organizatorius turi teis\u0119 ne gr\u0105\u017einti sumok\u0117tus pinigus.<\/p>\n<ol start=\"4\">\n<li><strong> Darbo vieta, plotas ir kainos<\/strong><\/li>\n<\/ol>\n<p>4.1. Darbo vieta ir darbo vietos kaina nurodytos Renginio organizatoriaus tinklalapyje www.myexpo.lv kiekviename Renginio skyriuje lauke \u201eRegistracija\u201c. Plotas yra m2, o kaina &#8211; eurais, \u012fskaitant PVM.<\/p>\n<p>4.2. Renginio dalyvis privalo rengti stend\u0105 tik u\u017eregistruotos ir apmok\u0117tos vietos ir teritorijos ribose.<\/p>\n<p>4.3. Rengin\u012f pati organizuoja ir dekoruoja pats renginio dalyvis. Stendo \u012fk\u0117limas neturi trukdyti kitiems renginio dalyviams. Jei reikalingi surinkimo darbai, Renginio dalyvis turi juos atlikti ne daugiau kaip 1 m atstumu nuo stendo.<\/p>\n<p>4.4. U\u017e stendo \u0161varum\u0105 po surinkimo ir i\u0161montavimo, taip pat 1 m atstumu nuo nuomojamo stendo esan\u010dio ploto, yra atsakingas Dalyvis. Jei Renginio dalyvis neatitinka \u0161ios s\u0105lygos, Renginio organizatorius turi teis\u0119 skirti baud\u0105. Baudos dydis nustatytas Dalyvavimo taisykli\u0173 8 skyriuje<\/p>\n<p>4.5. Stendas turi b\u016bti visi\u0161kai sutvarkytas 30 minu\u010di\u0173 iki kiekvieno \u012fvykio oficialaus atidarymo. Iki oficialaus renginio atidarymo, vyksta fotografija. Jei stendas n\u0117ra tinkamu laiku surengtas, Renginio organizatorius turi teis\u0119 skirti baud\u0105. Baudos dydis nustatytas Dalyvavimo taisykli\u0173 8 skyriuje (punkte).<\/p>\n<p>4.6. Renginio dalyvis turi dalyvauti renginyje, b\u016bti savo stende.<\/p>\n<p>4.7. Renginio dalyvis negali i\u0161vykti ar i\u0161ne\u0161ti prekes i\u0161 Renginio prie\u0161 tai, kai Renginys yra oficialiai u\u017edarytas.<\/p>\n<ol start=\"5\">\n<li><strong> Reklama<\/strong><\/li>\n<\/ol>\n<p>5.1. Renginio dalyvis turi teis\u0119 reklamuoti savo produkt\u0105 renginio dien\u0105, nurodydamas jo pavadinim\u0105 ir kain\u0105 pagal Latvijos Respublikos \u012fstatymus.<\/p>\n<ol start=\"6\">\n<li><strong> Draudimas<\/strong><\/li>\n<\/ol>\n<p>6.1. Renginie draud\u017eiama prekiauti \u017euvimi ir m\u0117sos produktais be \u0161alt\u0173 vitrin\u0173; produktai su a\u0161triu, nemaloniu kvapu; prek\u0117s su politiniais u\u017era\u0161ais; prek\u0117s su diskriminaciniais u\u017era\u0161ais ir (arba) nuotraukomis; Prek\u0117s, kurios neatitinka \u012fvyki\u0173 profilio, kaip nustat\u0117 rengini\u0173 organizatorius. Religinio turinio elementai. Prekes su \u00a0plikas \u017emoniu nuotrauka.<\/p>\n<p>6.2. Renginio dalyviui draud\u017eiama eiti \u012f \u012fvyk\u012f renginio dien\u0105 ir platinti reklaminius lankstinukus. Jie gali b\u016bti Dalyvio stende.<\/p>\n<p>6.3. Renginio dien\u0105 dalyviui draud\u017eiama naudotis garsia muzika, kuri gal\u0117t\u0173 sutrikdyti kitus dalyvius. Renginio organizatorius turi teis\u0119 pra\u0161yti triuk\u0161mo ma\u017einimo. Jei tai nepaisoma, Renginio organizatorius turi teis\u0119 skirti baud\u0105. Baudos dydis nustatytas Dalyvavimo taisykli\u0173 8 skyriuje (punkte).<\/p>\n<p>6.4. Renginio dien\u0105 dalyviui draud\u017eiama vartoti alkoholinius g\u0117rimus. Jei tai yra nustatyta, Renginio organizatorius turi teis\u0119 sustabdyti Dalyvio darb\u0105 \u012fvykyje ir skirti baud\u0105. Baudos dydis nustatytas Dalyvavimo taisykli\u0173 8 skyriuje (punkte).<\/p>\n<p>6.5. Renginio dalyviui draud\u017eiama likti nakvoti Renginie, jei renginys trunka ilgiau nei vien\u0105 dien\u0105.<\/p>\n<p>6.6. Dalyviams draud\u017eiama parduoti klausimyne ir nuotraukoje nenurodytus produktus.<\/p>\n<ol start=\"7\">\n<li><strong> Prie\u0161gaisrin\u0117 sauga<\/strong><\/li>\n<\/ol>\n<p>7.1. Renginio dalyvis privalo informuoti Renginio organizatori\u0173 apie savo elektros energijos b\u016btinyb\u0119 savo registracijos formoje .<\/p>\n<p>7.2. Renginio dalyvis neturi teis\u0117s prisijungti prie elektros lizd\u0173 be ra\u0161ti\u0161ko Organizatoriaus elektriko sutikimo.<\/p>\n<p>7.3. Rengini\u0173 organizatorius yra atsakingas u\u017e gaisro pad\u0117ties atveju, kaip visumos, taip pat teikia prie\u0161gaisrin\u0117s saugos taisykl\u0117s tinkam\u0173 \u012frengini\u0173, ta\u010diau stendas viet\u0173 u\u017e prie\u0161gaisrin\u0117s saugos renginio dalyvi\u0173 atsakomyb\u0119. Jei dalyviui stovuose yra degi\u0173 daikt\u0173, Renginio dalyvis turi pateikti \u00a0gesintuv\u0105.<\/p>\n<p>7.4. Dalyviams parodos zonoje <strong>draud\u017eiama<\/strong>:<\/p>\n<p>7.4.1. palikti be prie\u017ei\u016bros elektronin\u0119 \u012frang\u0105 ir technologin\u0119 \u012frang\u0105;<\/p>\n<p>7.4.2. naudoti ne kalibruotus saugikli\u0173 saugiklius, apsaugan\u010dius elektros tinklus;<\/p>\n<p>7.4.3. i\u0161naudoti sutrikusi\u0105 technologin\u0119 \u012frang\u0105, naudoti kabelius ir laidus su pa\u017eeista izoliacija;<\/p>\n<p>7.4.4. valyti stendus naudojant\u00a0 labai deg\u016bs skys\u010diai\u00a0 ir degios skystis;<\/p>\n<p>7.4.5. sudeginti degias med\u017eiagas 0,5 m atstumu nuo ap\u0161vietimo \u012frangos;<\/p>\n<p>7.4.6. naudoti netinkam\u0105 \u012frang\u0105, galin\u010di\u0105 sukelti kibirk\u0161\u010di\u0173, trump\u0173j\u0173 jungim\u0173, \u0161ildymo.<\/p>\n<ol start=\"8\">\n<li><strong> Baudos<\/strong><\/li>\n<\/ol>\n<p>8.1. Renginio dalyvis ir (arba) jo tre\u010diosios \u0161alys privalo atlyginti Renginio organizatoriui \u012fvykio dien\u0105 patirtus nuostolius Renginio organizatoriui ir (arba) tretiesiems asmenims. \u017dalos ir nuostoli\u0173 dyd\u012f nustato Renginio organizatorius kartu su Renginio vietos Nuomininku.<\/p>\n<p>8.1.1. Jei Renginio dalyvis laiku nenustat\u0117 savo stendo, bauda yra 50 eur\u0173.<\/p>\n<p>8.1.2. Jei Renginio dalyvis renginyje naudoja alkoholinius g\u0117rimus, nuobauda yra 250 eur\u0173 ir atsisakymas dalyvauti myexpo.lv tolesniuose renginiuose.<\/p>\n<p>8.1.3. Jei Renginio dalyvis nesutvarko savo stendo po surinkimo ir i\u0161montavimo, bausm\u0117 yra 50 eur\u0173<\/p>\n<p>8.1.4. Jei Renginio dalyvis pa\u017eeid\u017eia darbo tvarkos taisykles Latvijos Respublikos nustatyta tvarka, bauda yra 250 eur\u0173 ir atsisakymas dalyvauti myexpo.lv v\u0117lesniuose surengtuose renginiuose.<\/p>\n<ol start=\"9\">\n<li><strong> At\u0161aukimo politika<\/strong><\/li>\n<\/ol>\n<p>9.1. Renginio dalyvis turi teis\u0119 at\u0161aukti dalyvavim\u0105 renginyje 30 dien\u0173 iki \u012fvykio datos, gr\u0105\u017ein\u0119s 50% visos sumos. Renginio organizatorius per 5 (penkias) darbo dienas perduoda dalyvio banko s\u0105skaitai pinigus.<\/p>\n<p>9.2. Renginio dalyvis turi teis\u0119 nutraukti savo dalyvavim\u0105 Renginyje anks\u010diau kaip prie\u0161 30 dien\u0173 iki renginio, ta\u010diau \u0161iuo atveju jis praranda sumok\u0117t\u0105 sum\u0105 iki 100%.<\/p>\n<p>9.3 Jei Renginio dalyvis atsisako dalyvauti anks\u010diau kaip prie\u0161 30 dien\u0173 iki Renginio, ta\u010diau jo vietoje randa kiti dalyviai su tais pa\u010diais ar pana\u0161iais produktais, kurie atitinka Renginio nuostatas ir yra suderinti su Renginio organizatoriumi, jis gali gr\u0105\u017einti sumok\u0117tus pinigus 100%<\/p>\n<p>9.4. At\u0161aukimas Renginio tarp Renginio organizatoriaus ir Renginio dalyvis sudaromas tik ra\u0161tu.<\/p>\n<ol start=\"10\">\n<li><strong> Apsauga ir draudimas<\/strong><\/li>\n<\/ol>\n<p>10.1. Renginio dienoje Renginio dalyvis yra atsakingas u\u017e jo stendo ir jo privataus turto saugum\u0105.<\/p>\n<p>10.2 Renginio organizatorius neatsako u\u017e dalyvio vertybes. Renginio dalyvis gali sudaryti sutart\u012f su saugos tarnyba d\u0117l jo stendo saugumo.<\/p>\n<p>10.3 Renginio organizatorius renginio dalyvi\u0173 prekes ne apdraud\u017eia , ta\u010diau, jei Renginio dalyvis nori, gali apdrausti.<\/p>\n<p>&nbsp;<\/p>\n<ol start=\"11\">\n<li><strong> Bendrosios nuostatos<\/strong><\/li>\n<\/ol>\n<p>11.1 Renginio dien\u0105 visos pretenzijos, susijusios su preki\u0173 kokybe ir kaina, kurios gali atsirasti tarp Dalyvio (-i\u0173) ir Renginio Pirk\u0117jo, yra i\u0161spr\u0119stos tik i\u0161imtinai tarp Renginio dalyvio ir kito gin\u010de dalyvaujan\u010dios puses.<\/p>\n<p>11.2. Renginio organizatorius neatsako ir nedalyvauja gin\u010duose d\u0117l tre\u010di\u0173j\u0173 \u0161ali\u0173 prie\u0161taravim\u0173 d\u0117l dalyvio prek\u0117s \u017eenklo autenti\u0161kumo, patento, autori\u0173 teisi\u0173 ir tt pana\u0161aus pob\u016bd\u017eio klausimai.<\/p>\n<p>11.3. Jei Renginio dalyvis susiduria su bet kokiomis pretenzijomis d\u0117l Renginio, Renginio dalyvis turi ra\u0161tu informuoti Renginio organizatori\u0173 apie \u012fvykio dien\u0105. Po \u012fvykio pretenzijos nebebus priimtos.<\/p>\n<p>&nbsp;<\/p>\n<ol start=\"12\">\n<li><strong> Force majeure<\/strong><\/li>\n<\/ol>\n<p>12.1. Esant rengini\u0173 trukdo arba ne\u012fmanoma d\u0117l force majeure arba pana\u0161ias aplinkybes (stichini\u0173 nelaimi\u0173, gaisr\u0173, vald\u017eios institucijas draud\u017eiamuosius sprendimus arba nutarimus, ir kitos s\u0105lygos, organizatorius negal\u0117jo nei numatyti, nei i\u0161vengti savo \u017einioje i\u0161teklius), nurodyta Susitarimo Organizatoriaus atsakomyb\u0117 ne\u012fsigalioja.<\/p>\n<p>12.2. Jei reikia, Renginio organizatorius turi teis\u0119 pakeisti Renginio viet\u0105 \u012fvykio dien\u0105. \u0160iuo atveju, kiek \u012fmanoma, atsi\u017evelgiama \u012f Renginio dalyvio pageidavimus ir dalyvio \u012fsp\u0117jim\u0105 i\u0161 anksto.<\/p>\n<p>12.3. Renginio organizatorius turi teis\u0119 pakeisti Renginio dalyvio darb\u0105 vieta d\u0117l nenumatyt\u0173 prie\u017eas\u010di\u0173, kurias patyr\u0117 Renginio organizatorius. Tokie pavyzd\u017eiai apima, pavyzd\u017eiui, dalyvi\u0173 skai\u010diaus padid\u0117jim\u0105 ar suma\u017e\u0117jim\u0105 ir tt.<\/p>\n<p>&nbsp;<\/p>\n<ol start=\"13\">\n<li><strong> Baigiamosios nuostatos<\/strong><\/li>\n<\/ol>\n<p>13.1. Perskait\u0119 pirmiau nurodytas Dalyvavimo taisykles Renginyje ir atsi\u0173sdami registracijos form\u0105, Renginio dalyvis patvirtina, kad perskait\u0117 juos pilnai, supranta juos ir sutinka su visais jo punktais ir sutinka su Renginio organizatoriumi d\u0117l j\u0173 laikymosi ir vykdymo.<\/p>\n<p>13.2. D\u0117l vie\u0161osios tvarkos sutrikdymo \u012fvykio dienoje renginio dalyvis atsako asmeni\u0161kai, vadovaudamasis Latvijos Respublikos \u012fstatymais.<\/p>\n<p>13.3 Visi gin\u010dai ir gin\u010dai, jei viena ar kita \u0160alis nesilaiko \u012fvykdyt\u0173 dalyvavimo s\u0105lyg\u0173, sprend\u017eiami\u00a0 abipusiu susitarimu.<\/p>\n<p>13.4 Jei \u0160alys negali susitarti viena su kita, gin\u010das svarstomas Latvijos Respublikos teis\u0117s aktuose nustatyta tvarka Arbitra\u017eo teisme.<\/p>\n<p>&nbsp;<\/p>\n<p><strong>PAPILDOMOS NUOSTATOS D\u0116L AMAT\u0172 MUGES DALYVI\u0172 <\/strong><\/p>\n<ol>\n<li><strong> Mok\u0117jimo ir pardavimo vietos<\/strong><\/li>\n<\/ol>\n<p>1.1. Amatinink\u0173 mug\u0117s, norin\u010dios konkre\u010dios vietos lauko ekspozicijoje, bus rezervuotos tik pateikus parai\u0161k\u0105 ir dalyvaujant parodoje.<\/p>\n<p>1.2. Amatininkai, kurie neatitinka konkre\u010dios Amat\u0173 mug\u0117s vietos, gal\u0117s atlikti mok\u0117jimus \u00a0vietoje. Prekybos vieta bus amatinink\u0173 mug\u0117se.<\/p>\n<ol start=\"2\">\n<li><strong> Proced\u016bra<\/strong><\/li>\n<\/ol>\n<p>2.1. Dalyvis yra atsakingas u\u017e nuomojamo ploto valym\u0105 parodos metu.<\/p>\n<p>2.2. Dalyv\u0117 yra atsakinga u\u017e jo nuomojamos ploto \u0161varum\u0105 surinkus ir i\u0161montuojant, taip pat 1 m nuo nuomojamo ploto.<\/p>\n<p>2.3. Dalyvis neturi teis\u0117s nepriklausomai prisijungti prie elektros lizd\u0173. Tai \u012fmanoma tik padedant Organizatoriaus elektriui, kuris nustatys tikslius i\u0161vesties lizdai ir galios leid\u017eiamum\u0105. Registracijos formoje nurodykite, ar reikia padidinti elektros energijos kiek\u012f.<\/p>\n<p>2.4. Organizatorius neatsako u\u017e rinkos dalyvi\u0173 vertybes. Rinkos dalyvis gali sudaryti susitarim\u0105 su saugos tarnyba d\u0117l jo stendo saugumo.<\/p>\n<p>*Autenti\u0161ka versija yra tik ta, kuri parengta latvi\u0173 kalba.<\/p>\n<p>** My Expo, UAB ir MAINSO MARKETING, UAB. <span class=\"sentence sentence-14-0\"><span class=\"phrase phrase-14-0-1-2-3-4-5-6-7-8-9-10-11-12-13-14-15-16-17-18-19-20-21-22-23-24-25-26-27-28-29-30-31-32-33-34-35-36-37-38-39-40-41-42-43-44-45-46-47-48-49-50-51-52-53-54-55-56-57-58-59-60-61-62-63-64-65-66-67-68-69-0-1-2-3-4-5-6-7-8-9-10-11-12-13-14-15-16-17-18-19-20-21-22-23-24-25-26-27-28-29-30-31-32-33-34-35-36-37-38-39-40-41-42-43-44-45-46-47-48-49-50-51-52-53-54-55-56-57-58-59-60-61-62-63-64-65-66-67-68-69-70-71-72-73-74-75-76-77-78-79-80-81\"><span class=\"word word-14-10-20 sibling-14-10-15\">CRAFT MARKET, UAB<\/span><\/span><\/span> (toliau \u2013 \u012emon\u0117s) abiej\u0173 pusi\u0173 valdyb\u0173 nariai savo para\u0161ais patvirtino, kad \u012emon\u0117s yra susijusios ir turi vienodas teisines teises naudoti viena kitos atsiliepimus ir rekomendacijas dalyvaujant savivaldybi\u0173, valstyb\u0117s ar priva\u010di\u0173 \u012fmoni\u0173 organizuojamuose konkursuose, aukcionuose d\u0117l mug\u0117s organizavimo kaip laikinos prekybos gatv\u0117se ir\/ar prekybos rengini\u0173 metu.<\/p>\n","protected":false},"excerpt":{"rendered":"<p>&nbsp; 2025.06.20 (aktualine redakcija)* DALYVAVIMO RENGINE TAISYKL\u0116S 1.Renginio dalyvis 1.1.Renginio organizatorius yra My Expo, UAB arba MAINSO MARKETING 1, UAB, CRAFT MARKET, UAB \u00a0(priklausomai nuo konkretaus mug\u0117s formato, temos, vietos ir \u0161alies; toliau \u2013 Renginio organizatorius), kuris organizuoja i\u0161kylamuosius turgus lauke arba patalpose ir turi teis\u0119 naudoti prek\u0117s \u017eenkl\u0105 \u201eMy Expo\u201c,\u00a0 \u201eSv\u0113tku tirgus\u201c un \u201eMuges [&hellip;]<\/p>\n","protected":false},"author":1,"featured_media":0,"parent":0,"menu_order":0,"comment_status":"closed","ping_status":"closed","template":"","meta":[],"_links":{"self":[{"href":"https:\/\/myexpo.lv\/lt\/wp-json\/wp\/v2\/pages\/567"}],"collection":[{"href":"https:\/\/myexpo.lv\/lt\/wp-json\/wp\/v2\/pages"}],"about":[{"href":"https:\/\/myexpo.lv\/lt\/wp-json\/wp\/v2\/types\/page"}],"author":[{"embeddable":true,"href":"https:\/\/myexpo.lv\/lt\/wp-json\/wp\/v2\/users\/1"}],"replies":[{"embeddable":true,"href":"https:\/\/myexpo.lv\/lt\/wp-json\/wp\/v2\/comments?post=567"}],"version-history":[{"count":17,"href":"https:\/\/myexpo.lv\/lt\/wp-json\/wp\/v2\/pages\/567\/revisions"}],"predecessor-version":[{"id":47513,"href":"https:\/\/myexpo.lv\/lt\/wp-json\/wp\/v2\/pages\/567\/revisions\/47513"}],"wp:attachment":[{"href":"https:\/\/myexpo.lv\/lt\/wp-json\/wp\/v2\/media?parent=567"}],"curies":[{"name":"wp","href":"https:\/\/api.w.org\/{rel}","templated":true}]}}