{"id":290,"date":"2019-01-29T22:00:18","date_gmt":"2019-01-29T20:00:18","guid":{"rendered":"http:\/\/myexpo.webprojekts.lv\/?page_id=290"},"modified":"2023-12-26T12:57:05","modified_gmt":"2023-12-26T10:57:05","slug":"%d0%be-%d0%bd%d0%b0%d1%81","status":"publish","type":"page","link":"https:\/\/myexpo.lv\/ru\/%d0%be-%d0%bd%d0%b0%d1%81\/","title":{"rendered":"\u041e \u043d\u0430\u0441"},"content":{"rendered":"<div class=\"row\">\n<div class=\"col-sm-8 col-md-6 col-sm-offset-2 col-md-offset-3 mb30\">\n<div class=\"section-title text-center\">\n<h2 class=\"heading center\">\u0411\u0443\u0434\u0435\u043c \u0437\u043d\u0430\u043a\u043e\u043c\u044b!<\/h2>\n<\/div>\n<\/div>\n<\/div>\n<p><span class=\"HwtZe\" lang=\"ru\"><span class=\"jCAhz ChMk0b\"><span class=\"ryNqvb\">\u041c\u044b \u043a\u043e\u043c\u043f\u0430\u043d\u0438\u044f, \u043a\u043e\u0442\u043e\u0440\u0430\u044f \u0443\u0436\u0435 \u0431\u043e\u043b\u0435\u0435 18 \u043b\u0435\u0442 \u0437\u0430\u043d\u0438\u043c\u0430\u0435\u0442\u0441\u044f \u043e\u0440\u0433\u0430\u043d\u0438\u0437\u0430\u0446\u0438\u0435\u0439 \u043c\u0435\u0440\u043e\u043f\u0440\u0438\u044f\u0442\u0438\u0439 \u0438 \u044f\u0440\u043c\u0430\u0440\u043e\u043a \u0432 \u041b\u0430\u0442\u0432\u0438\u0438.<\/span><\/span> <span class=\"jCAhz ChMk0b\"><span class=\"ryNqvb\">\u041c\u044b \u043f\u0440\u043e\u0432\u043e\u0434\u0438\u043c \u044f\u0440\u043c\u0430\u0440\u043a\u0443 \u0432 \u0420\u0438\u0433\u0435 \u0432 2024 \u0433\u043e\u0434\u0443 \u0438 \u044f\u0440\u043c\u0430\u0440\u043a\u0443 \u0432 \u041b\u0430\u0442\u0432\u0438\u0438 \u0432 2024 \u0433\u043e\u0434\u0443.<\/span><\/span> <span class=\"jCAhz ChMk0b\"><span class=\"ryNqvb\">\u041a\u0430\u043b\u0435\u043d\u0434\u0430\u0440\u044c \u0432\u044b\u0441\u0442\u0430\u0432\u043e\u043a \u043d\u0430 2024 \u0433\u043e\u0434 \u0438 \u0437\u0430\u044f\u0432\u043a\u0438 \u043d\u0430 \u0443\u0447\u0430\u0441\u0442\u0438\u0435 \u0432 \u0432\u044b\u0441\u0442\u0430\u0432\u043a\u0430\u0445 2024 \u0433\u043e\u0434\u0430 \u0434\u043e\u0441\u0442\u0443\u043f\u043d\u044b \u043d\u0430 \u043d\u0430\u0448\u0435\u043c \u0441\u0430\u0439\u0442\u0435 www.myexpo.lv \u043d\u0430 \u043a\u0430\u0436\u0434\u043e\u0439 \u043a\u043e\u043d\u043a\u0440\u0435\u0442\u043d\u043e\u0439 \u0432\u044b\u0441\u0442\u0430\u0432\u043a\u0435.<\/span><\/span> <span class=\"jCAhz ChMk0b\"><span class=\"ryNqvb\">\u0422\u0430\u043c \u0436\u0435 \u0443\u043a\u0430\u0437\u0430\u043d\u0430 \u0441\u0442\u043e\u0438\u043c\u043e\u0441\u0442\u044c \u0441\u0442\u0435\u043d\u0434\u0430 \u043d\u0430 \u044f\u0440\u043c\u0430\u0440\u043a\u0435.<\/span><\/span> <span class=\"jCAhz ChMk0b\"><span class=\"ryNqvb\">\u0428\u0438\u0440\u043e\u043a\u043e \u043f\u043e\u0441\u0435\u0449\u0430\u044e\u0442\u0441\u044f \u0432\u0435\u0441\u0435\u043d\u043d\u0438\u0435 \u044f\u0440\u043c\u0430\u0440\u043a\u0438 2024 \u0433\u043e\u0434\u0430, \u044f\u0440\u043c\u0430\u0440\u043a\u0438 \u0440\u0430\u0441\u0442\u0435\u043d\u0438\u0439 2024 \u0433\u043e\u0434\u0430, \u044f\u0440\u043c\u0430\u0440\u043a\u0438 \u0432 \u041b\u0430\u0442\u0433\u0430\u043b\u0438\u0438, \u044f\u0440\u043c\u0430\u0440\u043a\u0438 \u0432 \u041b\u0438\u043c\u0431\u0430\u0436\u0438, \u044f\u0440\u043c\u0430\u0440\u043a\u0438 \u0432 \u0420\u0438\u0433\u0435 \u0438 \u044f\u0440\u043c\u0430\u0440\u043a\u0438 \u0432 \u041b\u0430\u0442\u0432\u0438\u0438 \u0432 \u0446\u0435\u043b\u043e\u043c.<\/span><\/span> <span class=\"jCAhz ChMk0b\"><span class=\"ryNqvb\">\u041f\u043e\u043f\u0443\u043b\u044f\u0440\u043d\u043e\u0441\u0442\u044c\u044e \u0441\u0440\u0435\u0434\u0438 \u043d\u0430\u0448\u0438\u0445 \u0442\u043e\u0440\u0433\u043e\u0432\u0446\u0435\u0432 \u043f\u043e\u043b\u044c\u0437\u0443\u044e\u0442\u0441\u044f \u044f\u0440\u043c\u0430\u0440\u043a\u0438 \u0432 \u0441\u0430\u0434\u0443 \u0412\u0435\u0440\u043c\u0430\u043d\u0435\u0441\u0430 \u0432 2024 \u0433\u043e\u0434\u0443, \u044f\u0440\u043c\u0430\u0440\u043a\u0438 \u0432 \u0410\u0434\u0430\u0436\u0430\u0445 \u0432 2024 \u0433\u043e\u0434\u0443, \u044f\u0440\u043c\u0430\u0440\u043a\u0438 \u0432 \u042e\u0440\u043c\u0430\u043b\u0435 \u0432 2024 \u0433\u043e\u0434\u0443, \u044f\u0440\u043c\u0430\u0440\u043a\u0438 \u0432 \u0415\u043b\u0433\u0430\u0432\u0435 \u0432 2024 \u0433\u043e\u0434\u0443, \u044f\u0440\u043c\u0430\u0440\u043a\u0438 \u0432 \u0412\u0430\u043b\u043c\u0438\u0435\u0440\u0435 \u0432 2024 \u0433\u043e\u0434\u0443, \u044f\u0440\u043c\u0430\u0440\u043a\u0438 \u0432 \u041b\u0438\u0435\u043f\u0430\u0435 \u0432 2024 \u0433\u043e\u0434\u0443, \u044f\u0440\u043c\u0430\u0440\u043a\u0438 \u0432 \u0420\u0438\u0433\u0435 \u0432 2024 \u0433\u043e\u0434\u0443.<\/span><\/span><\/span><\/p>\n<p>#gadatirgi #gadatirgus #gadatirgilatvija #gadatirgilatvij\u0101 #christmasv\u0113tki #zimassv\u0113kugadatargus #tirdzi\u0146iR\u012bg\u0101 #tirdzi\u0146iLatvij\u0101 #facebooktirdzi\u0146i #gadatirguskalend\u0101rs #br\u012bvdabastirdzi\u0146i #sv\u0113tkutirgus<\/p>\n<p>&nbsp;<\/p>\n<div class=\"row\">\n<div class=\"col-sm-6 mt15\">\n<div class=\"image wow fadeInLeft\" data-wow-duration=\"1s\"><img src=\"https:\/\/myexpo.lv\/wp-content\/uploads\/2021\/05\/1.jpg\" alt=\"Image \/\" \/><\/div>\n<h3 class=\"heading uppercase\">\u0421 \u043d\u0430\u043c\u0438 \u0432\u043c\u0435\u0441\u0442\u0435 \u043a\u0440\u0443\u0433\u043b\u044b\u0439 \u0433\u043e\u0434!<\/h3>\n<p>\u041c\u044b \u043e\u0440\u0433\u0430\u043d\u0438\u0437\u0443\u0435\u043c \u044f\u0440\u043c\u0430\u0440\u043a\u0438 \u043a\u0440\u0443\u0433\u043b\u044b\u0439 \u0433\u043e\u0434 \u0432 \u0420\u0438\u0433\u0435 \u0438 \u0432\u043e \u0432\u0441\u0435\u0445 \u043a\u0440\u0443\u043f\u043d\u044b\u0445 \u0433\u043e\u0440\u043e\u0434\u0430\u0445 \u041b\u0430\u0442\u0432\u0438\u0438. \u0422\u0435\u043c\u0430 \u044f\u0440\u043c\u0430\u0440\u043e\u043a \u0440\u0430\u0437\u043d\u043e\u043e\u0431\u0440\u0430\u0437\u043d\u0430: \u0441\u0432\u0430\u0434\u044c\u0431\u044b, \u0448\u043a\u043e\u043b\u0430, \u043e\u0442\u0434\u044b\u0445, \u0440\u0430\u0437\u0432\u043b\u0435\u0447\u0435\u043d\u0438\u044f, \u043e\u0441\u0435\u043d\u043d\u0438\u0435 \u0438 \u0420\u043e\u0436\u0434\u0435\u0441\u0442\u0432\u0435\u043d\u0441\u043a\u0438\u0435 \u044f\u0440\u043c\u0430\u0440\u043a\u0438.<\/p>\n<div class=\"image wow fadeInUp\" data-wow-duration=\"1s\"><img src=\"https:\/\/myexpo.lv\/wp-content\/uploads\/2021\/05\/2.jpg\" alt=\"Image \/\" \/><\/div>\n<\/div>\n<div class=\"col-sm-6\">\n<h3 class=\"heading mb-0 uppercase\">\u041d\u0430\u0448 \u043e\u043f\u044b\u0442<\/h3>\n<p>\u041c\u044b \u0443\u0447\u0430\u0441\u0442\u0432\u043e\u0432\u0430\u043b\u0438 \u0432\u043e \u043c\u043d\u043e\u0433\u0438\u0445 \u044f\u0440\u043c\u0430\u0440\u043a\u0430\u0445 \u0438 \u0432\u044b\u0441\u0442\u0430\u0432\u043a\u0430\u0445 \u043c\u0435\u0436\u0434\u0443\u043d\u0430\u0440\u043e\u0434\u043d\u043e\u0433\u043e \u0438 \u043c\u0435\u0441\u0442\u043d\u043e\u0433\u043e \u043c\u0430\u0441\u0448\u0442\u0430\u0431\u0430: \u0432 \u0420\u0438\u043c\u0435, \u0416\u0435\u043d\u0435\u0432\u0435, \u0414\u0443\u0431\u0430\u0435, \u041e\u0441\u043b\u043e, \u0412\u0435\u043d\u0435, \u0412\u0438\u043b\u044c\u043d\u044e\u0441\u0435, \u0411\u0435\u0440\u043b\u0438\u043d\u0435, \u0422\u0430\u043b\u043b\u0438\u043d\u043d\u0435, \u0438, \u043a\u043e\u043d\u0435\u0447\u043d\u043e, \u0437\u0434\u0435\u0441\u044c \u2013 \u0432 \u0420\u0438\u0433\u0435.<\/p>\n<p>\u041c\u044b \u043f\u043e\u043b\u0443\u0447\u0438\u043b\u0438 \u043e\u0442\u043b\u0438\u0447\u043d\u044b\u0439 \u043e\u043f\u044b\u0442 \u0438 \u043c\u0435\u0436\u0434\u0443\u043d\u0430\u0440\u043e\u0434\u043d\u044b\u0435 \u043a\u043e\u043d\u0442\u0430\u043a\u0442\u044b, \u0438 \u043c\u044b \u0443\u0432\u0435\u0440\u0435\u043d\u044b, \u0447\u0442\u043e \u0441\u0432\u043e\u0438 \u043f\u0440\u043e\u0444\u0435\u0441\u0441\u0438\u043e\u043d\u0430\u043b\u044c\u043d\u044b\u0435 \u043d\u0430\u0432\u044b\u043a\u0438 \u0434\u043e\u043a\u0430\u0437\u044b\u0432\u0430\u0435\u043c, \u043e\u0440\u0433\u0430\u043d\u0438\u0437\u0443\u044f \u044f\u0440\u043c\u0430\u0440\u043a\u0438 \u0432 \u0420\u0438\u0433\u0435, \u0438 \u0432 \u0434\u0440\u0443\u0433\u0438\u0445 \u043a\u0440\u0443\u043f\u043d\u0435\u0439\u0448\u0438\u0445 \u0433\u043e\u0440\u043e\u0434\u0430\u0445 \u041b\u0430\u0442\u0432\u0438\u0438!<\/p>\n<div class=\"image wow fadeInRight\" data-wow-duration=\"1s\" data-wow-delay=\"0.5s\"><img src=\"https:\/\/myexpo.lv\/wp-content\/uploads\/2021\/05\/3.jpg\" alt=\"Image \/\" \/><\/div>\n<h3 class=\"heading uppercase\">\u041c\u044b \u0437\u0430 \u0441\u043e\u0442\u0440\u0443\u0434\u043d\u0438\u0447\u0435\u0441\u0442\u0432\u043e!<\/h3>\n<p>\u041c\u044b \u0442\u0430\u043a\u0436\u0435 \u0441\u043e\u0437\u0434\u0430\u043b\u0438 \u0433\u0440\u0443\u043f\u043f\u0443 \u0434\u0440\u0443\u0437\u0435\u0439 \u043d\u0430 Facebook \u201eMy Expo &#8212; Sv\u0113tku tirgus Latvij\u0101\u201d, \u0433\u0434\u0435 \u043a\u0430\u0436\u0434\u044b\u0439 \u0441\u043c\u043e\u0436\u0435\u0442 \u043d\u0430\u0439\u0442\u0438\u00a0 \u0434\u0440\u0443\u0437\u0435\u0439 \u0438 \u0434\u0435\u043b\u043e\u0432\u044b\u0445 \u043f\u0430\u0440\u0442\u043d\u0435\u0440\u043e\u0432. \u041f\u043e\u043c\u0435\u0441\u0442\u0438\u0442\u044c \u0431\u0435\u0441\u043f\u043b\u0430\u0442\u043d\u0443\u044e \u0440\u0435\u043a\u043b\u0430\u043c\u0443 \u0438 \u043e\u0431\u0441\u0443\u0434\u0438\u0442\u044c \u0442\u0435\u043a\u0443\u0449\u0438\u0435 \u0441\u043e\u0431\u044b\u0442\u0438\u044f \u0432 \u0432\u044b\u0441\u0442\u0430\u0432\u043e\u0447\u043d\u043e\u043c \u0431\u0438\u0437\u043d\u0435\u0441\u0435!<\/p>\n<p><span class=\"HwtZe\" lang=\"ru\"><span class=\"jCAhz ChMk0b\"><span class=\"ryNqvb\">\u0412\u044b \u043c\u043e\u0436\u0435\u0442\u0435 \u043d\u0430\u0439\u0442\u0438 \u043d\u0430\u0441 \u0432 Instagram<\/span><\/span><\/span> #svetkutirgus<\/p>\n<p>\u0414\u043e\u0431\u0440\u043e \u043f\u043e\u0436\u0430\u043b\u043e\u0432\u0430\u0442\u044c \u0438 &#8212; \u0443\u0441\u043f\u0435\u0448\u043d\u043e\u0435 \u0441\u043e\u0442\u0440\u0443\u0434\u043d\u0438\u0447\u0435\u0441\u0442\u0432\u043e!<\/p>\n<\/div>\n<\/div>\n","protected":false},"excerpt":{"rendered":"<p>\u0411\u0443\u0434\u0435\u043c \u0437\u043d\u0430\u043a\u043e\u043c\u044b! \u041c\u044b \u043a\u043e\u043c\u043f\u0430\u043d\u0438\u044f, \u043a\u043e\u0442\u043e\u0440\u0430\u044f \u0443\u0436\u0435 \u0431\u043e\u043b\u0435\u0435 18 \u043b\u0435\u0442 \u0437\u0430\u043d\u0438\u043c\u0430\u0435\u0442\u0441\u044f \u043e\u0440\u0433\u0430\u043d\u0438\u0437\u0430\u0446\u0438\u0435\u0439 \u043c\u0435\u0440\u043e\u043f\u0440\u0438\u044f\u0442\u0438\u0439 \u0438 \u044f\u0440\u043c\u0430\u0440\u043e\u043a \u0432 \u041b\u0430\u0442\u0432\u0438\u0438. \u041c\u044b \u043f\u0440\u043e\u0432\u043e\u0434\u0438\u043c \u044f\u0440\u043c\u0430\u0440\u043a\u0443 \u0432 \u0420\u0438\u0433\u0435 \u0432 2024 \u0433\u043e\u0434\u0443 \u0438 \u044f\u0440\u043c\u0430\u0440\u043a\u0443 \u0432 \u041b\u0430\u0442\u0432\u0438\u0438 \u0432 2024 \u0433\u043e\u0434\u0443. \u041a\u0430\u043b\u0435\u043d\u0434\u0430\u0440\u044c \u0432\u044b\u0441\u0442\u0430\u0432\u043e\u043a \u043d\u0430 2024 \u0433\u043e\u0434 \u0438 \u0437\u0430\u044f\u0432\u043a\u0438 \u043d\u0430 \u0443\u0447\u0430\u0441\u0442\u0438\u0435 \u0432 \u0432\u044b\u0441\u0442\u0430\u0432\u043a\u0430\u0445 2024 \u0433\u043e\u0434\u0430 \u0434\u043e\u0441\u0442\u0443\u043f\u043d\u044b \u043d\u0430 \u043d\u0430\u0448\u0435\u043c \u0441\u0430\u0439\u0442\u0435 www.myexpo.lv \u043d\u0430 \u043a\u0430\u0436\u0434\u043e\u0439 \u043a\u043e\u043d\u043a\u0440\u0435\u0442\u043d\u043e\u0439 \u0432\u044b\u0441\u0442\u0430\u0432\u043a\u0435. \u0422\u0430\u043c \u0436\u0435 [&hellip;]<\/p>\n","protected":false},"author":1,"featured_media":0,"parent":0,"menu_order":0,"comment_status":"closed","ping_status":"closed","template":"page-about.php","meta":[],"_links":{"self":[{"href":"https:\/\/myexpo.lv\/ru\/wp-json\/wp\/v2\/pages\/290"}],"collection":[{"href":"https:\/\/myexpo.lv\/ru\/wp-json\/wp\/v2\/pages"}],"about":[{"href":"https:\/\/myexpo.lv\/ru\/wp-json\/wp\/v2\/types\/page"}],"author":[{"embeddable":true,"href":"https:\/\/myexpo.lv\/ru\/wp-json\/wp\/v2\/users\/1"}],"replies":[{"embeddable":true,"href":"https:\/\/myexpo.lv\/ru\/wp-json\/wp\/v2\/comments?post=290"}],"version-history":[{"count":18,"href":"https:\/\/myexpo.lv\/ru\/wp-json\/wp\/v2\/pages\/290\/revisions"}],"predecessor-version":[{"id":24269,"href":"https:\/\/myexpo.lv\/ru\/wp-json\/wp\/v2\/pages\/290\/revisions\/24269"}],"wp:attachment":[{"href":"https:\/\/myexpo.lv\/ru\/wp-json\/wp\/v2\/media?parent=290"}],"curies":[{"name":"wp","href":"https:\/\/api.w.org\/{rel}","templated":true}]}}