{"id":325,"date":"2019-01-29T22:03:38","date_gmt":"2019-01-29T20:03:38","guid":{"rendered":"http:\/\/myexpo.webprojekts.lv\/?page_id=325"},"modified":"2019-10-19T16:51:48","modified_gmt":"2019-10-19T13:51:48","slug":"%d0%bf%d0%be%d0%bb%d0%b8%d1%82%d0%b8%d0%ba%d0%b0-%d0%ba%d0%be%d0%bd%d1%84%d0%b8%d0%b4%d0%b5%d0%bd%d1%86%d0%b8%d0%b0%d0%bb%d1%8c%d0%bd%d0%be%d1%81%d1%82%d0%b8","status":"publish","type":"page","link":"https:\/\/myexpo.lv\/ru\/%d0%bf%d0%be%d0%bb%d0%b8%d1%82%d0%b8%d0%ba%d0%b0-%d0%ba%d0%be%d0%bd%d1%84%d0%b8%d0%b4%d0%b5%d0%bd%d1%86%d0%b8%d0%b0%d0%bb%d1%8c%d0%bd%d0%be%d1%81%d1%82%d0%b8\/","title":{"rendered":"\u041f\u043e\u043b\u0438\u0442\u0438\u043a\u0430 \u043a\u043e\u043d\u0444\u0438\u0434\u0435\u043d\u0446\u0438\u0430\u043b\u044c\u043d\u043e\u0441\u0442\u0438"},"content":{"rendered":"<p><strong>Mainso Marketing, SIA <\/strong><strong>t\u012bmek\u013ca vietnes www.sweetevents.lv PRIV\u0100TUMA POLITIKA<\/strong><\/p>\n<p>Mainso Marketing, SIA v\u0101c datus par savas t\u012bmek\u013ca vietnes apmekl\u0113t\u0101jiem, lai saprastu, cik noder\u012bga ir t\u012bmek\u013ca vietne un k\u0101 to var\u0113tu uzlabot.<\/p>\n<p>Mainso Marketing, SIA datu v\u0101k\u0161anas praksi nosaka \u0161\u012b Priv\u0101tuma politika, kas ietver s\u012bku inform\u0101ciju par to, k\u0101dus datus Mainso Marketing, SIA v\u0101c, k\u0101 tos izmanto un kur\u0161 tiem piek\u013c\u016bst.<\/p>\n<p>Jums ir ties\u012bbas kontrol\u0113t J\u016bsu priv\u0101tumu, un Mainso Marketing, SIA to \u013coti respekt\u0113. Mums \u013coti svar\u012bgi sp\u0113t pal\u012bdz\u0113t Jums izmantot \u0161\u012bs ties\u012bbas, \u0161im nol\u016bkam t\u0101l\u0101k ir nor\u0101d\u012bta s\u012bk\u0101ka inform\u0101cija.<\/p>\n<p>Izlasiet \u0161o Priv\u0101tuma politiku un sazinieties ar Mainso Marketing, SIA, ja Jums ir radu\u0161ies k\u0101di jaut\u0101jumi vai koment\u0101ri.<\/p>\n<p><strong>J\u016bsu datu p\u0101rzinis<\/strong><\/p>\n<p>Mainso Marketing, SIA ir J\u016bsu personas datu p\u0101rzinis.<\/p>\n<p>&nbsp;<\/p>\n<p>Ar Mainso Marketing, SIA var sazin\u0101ties pa e-pastu: <u><a href=\"mailto:datuaizsardziba@sweetevents.lv\">datuaizsardziba@sweetevents.lv<\/a><\/u><\/p>\n<p><strong>Mainso Marketing, SIA<\/strong><strong> v\u0101ktie un izmantotie dati<\/strong><\/p>\n<p><u>T\u012bmek\u013ca vietnes p\u0101rl\u016bko\u0161anas statistika<\/u><\/p>\n<p>Mainso Marketing, SIA laiku pa laikam uzlabo savu t\u012bmek\u013ca vietni ar m\u0113r\u0137i atvieglot t\u0101s lieto\u0161anu. \u0160aj\u0101 nol\u016bk\u0101 Mainso Marketing, SIA ir j\u0101zina, k\u0101da inform\u0101cija ir vissvar\u012bg\u0101k\u0101 vietnes apmekl\u0113t\u0101jiem, cik bie\u017ei vi\u0146i ien\u0101k, k\u0101du p\u0101rl\u016bkprogrammu un ier\u012bci vi\u0146i izmanto, k\u0101du saturu visbie\u017e\u0101k lasa, no k\u0101da re\u0123iona n\u0101k apmekl\u0113t\u0101ji, k\u0101 ar\u012b cita statistiska inform\u0101cija.<\/p>\n<p>Mainso Marketing, SIA v\u0101c \u0161o inform\u0101ciju, izmantojot automatiz\u0113tu r\u012bku Google Analytics vai l\u012bdz\u012bgu, kas \u013cauj Mainso Marketing, SIA re\u0123istr\u0113t un analiz\u0113t, k\u0101 apmekl\u0113t\u0101ji izmanto t\u012bmek\u013ca vietni.<\/p>\n<p>Uzzin\u0101t vair\u0101k par to, k\u0101 darbojas Google Analytics un k\u0101du inform\u0101ciju t\u0101 \u013cauj v\u0101kt un analiz\u0113t, J\u016bs varat \u2013<\/p>\n<p><a href=\"https:\/\/support.google.com\/analytics\/answer\/1012034?hl=en&amp;ref_topic=6157800\">https:\/\/support.google.com\/analytics\/answer\/1012034?hl=lten&amp;ref_topic=6157800<\/a>.<\/p>\n<p>Mainso Marketing, SIA izmanto \u0161os datus sav\u0101s tiesiskaj\u0101s interes\u0113s k\u0101 uz\u0146\u0113mums, lai uzlabotu izpratni par vietnes apmekl\u0113t\u0101ju vajadz\u012bb\u0101m un kam vi\u0146i dod priek\u0161roku, lai sniegtu lab\u0101kus pakalpojumus un uzlabotu pieejam\u012bbu Mainso Marketing, SIA publiskotajai inform\u0101cijai.<\/p>\n<p>J\u016bs jebkur\u0101 laik\u0101 varat p\u0101rtraukt J\u016bsu datu v\u0101k\u0161anu Google Analytics, k\u0101 aprakst\u012bts \u0161eit: <a href=\"https:\/\/tools.google.com\/dlpage\/gaoptout\/\">https:\/\/tools.google.com\/dlpage\/gaoptout\/<\/a>.<\/p>\n<p><u>Lietot\u0101ja profila Dati<\/u><\/p>\n<p>Re\u0123istr\u0113joties port\u0101l\u0101 oblig\u0101tie dati (aizpild\u0101mie lauki) ir lietot\u0101ja v\u0101rds, e-pasts un dzimums. E-pasta adrese ir nepiecie\u0161ama, lai nepiecie\u0161am\u012bbas gad\u012bjum\u0101 b\u016btu iesp\u0113jama paroles atjauno\u0161ana vai ar\u012b komunik\u0101cijai, piem\u0113ram, gad\u012bjum\u0101, ja piedalieties konkurs\u0101. P\u0101r\u0113jie dati, taj\u0101 skait\u0101 b\u0113rna profila pievieno\u0161ana ir neoblig\u0101ti.<\/p>\n<p>Ja J\u016bs esat re\u0123istr\u0113jies t\u012bmek\u013ca vietn\u0113, esat noform\u0113jis savu profilu un piekritis jaunumu sa\u0146em\u0161anai, vai cit\u0101di esat Mainso Marketing, SIA sniedzis savu kontaktinform\u0101ciju, Mainso Marketing, SIA var nos\u016bt\u012bt Jums jaunumus, zi\u0146as, inform\u0101ciju par uz\u0146\u0113muma pakalpojumiem, kas var\u0113tu b\u016bt Jums interesanti.<\/p>\n<p>Klientiem un visiem interesentiem, kuri v\u0113las sa\u0146emt Mainso Marketing, SIA zi\u0146ojumus pa e-pastu, Mainso Marketing, SIA s\u016bta inform\u0101ciju par m\u016bsu jaun\u0101kajiem pied\u0101v\u0101jumiem un citu inform\u0101ciju. \u0160aj\u0101 proces\u0101 Mainso Marketing, SIA iev\u0113ro priv\u0101tuma politiku, kura ir sagatavota J\u016bsu priv\u0101tuma intere\u0161u aizsardz\u012bbai.<\/p>\n<p>\u0160\u012b politika nosaka, k\u0101dus datus Mainso Marketing, SIA v\u0101c par Jums m\u0101rketinga sazi\u0146as nol\u016bk\u0101, k\u0101 Mainso Marketing, SIA tos izmanto un kam Mainso Marketing, SIA atkl\u0101j \u0161os datus.<\/p>\n<p>Mainso Marketing, SIA s\u016bta m\u0101rketinga inform\u0101ciju pa e-pastu vai telefoniski un cen\u0161as ierobe\u017eot sa\u0146\u0113m\u0113ju skaitu tikai ar t\u0101m person\u0101m, kur\u0101m zi\u0146ojums tie\u0161\u0101m b\u016bs interesants.<\/p>\n<p>Tikl\u012bdz Mainso Marketing, SIA nos\u016bta zi\u0146u, Mainso Marketing, SIA var v\u0101kt statistikas datus par to, ko J\u016bs dar\u0101t ar \u0161o zi\u0146u, proti, vai J\u016bs atverat \u0161o zi\u0146u, atverat saites, k\u0101du ier\u012bci J\u016bs izmantojat un k\u0101das ir t\u0101s tehnisk\u0101s \u012bpa\u0161\u012bbas. To Mainso Marketing, SIA dara, sekojot saglab\u0101tajai inform\u0101cijai par J\u016bsu piek\u013cuvi Mainso Marketing, SIA t\u012bmek\u013ca vietnei vai ar s\u012bkdat\u0146u pal\u012bdz\u012bbu (ja J\u016bs piekr\u012btat).<\/p>\n<p>Kad J\u016bs esat izveidojis savu profilu un piekritis jaunumu sa\u0146em\u0161anai Mainso Marketing, SIA vietn\u0113, Mainso Marketing, SIA izmanto J\u016bsu datus uz J\u016bsu piekri\u0161anas pamata.<\/p>\n<p><strong><u>Re\u0123istr\u0101cijas \u017eurn\u0101ls<\/u><\/strong><\/p>\n<p>Serveris, kur\u0101 izvietota Mainso Marketing, SIA t\u012bmek\u013ca vietne, ar\u012b var re\u0123istr\u0113t J\u016bsu nos\u016bt\u012btos piepras\u012bjumus (J\u016bsu atv\u0113rt\u0101s t\u012bmek\u013ca adreses, J\u016bsu izmantot\u0101 ier\u012bce un p\u0101rl\u016bkprogramma, IP adrese, piek\u013cuves laiks). \u0160ie dati tiek izmantoti tikai tehniskajiem nol\u016bkiem: lai nodro\u0161in\u0101tu t\u012bmek\u013ca vietnes pien\u0101c\u012bgu funkcion\u0113\u0161anu un dro\u0161\u012bbu un izmekl\u0113tu iesp\u0113jamos dro\u0161\u012bbas incidentus.<br \/>\nT\u0101du datu v\u0101k\u0161anas un izmanto\u0161anas pamats ir Mainso Marketing, SIA tiesisk\u0101 interese nodro\u0161in\u0101t Mainso Marketing, SIA t\u012bmek\u013ca vietnes tehnisku pieejam\u012bbu un dro\u0161\u012bbu.<\/p>\n<p><strong>KAS IR S\u012aKDATNES?<\/strong><\/p>\n<p>S\u012bkdatne ir neliels teksta fails, ko t\u012bmek\u013ca vietne saglab\u0101 J\u016bsu dator\u0101 vai mobilaj\u0101 ier\u012bc\u0113, kad J\u016bs apmekl\u0113jat vietni. Tas \u013cauj t\u012bmek\u013ca vietnei atcer\u0113ties J\u016bsu darb\u012bbas un izv\u0113li (piere\u0123istr\u0113\u0161anos, valodu, fonta lielumu un citas att\u0113lo\u0161anas izv\u0113les) p\u0113c laika, lai Jums neb\u016btu atk\u0101rtoti t\u0101 j\u0101nor\u0101da ikreiz, kad J\u016bs atgrie\u017eaties vietn\u0113 vai p\u0101rejat no vienas lapas uz citu.<\/p>\n<p><strong>K\u0101 <\/strong><strong>MAINSO MARKETING, SIA<\/strong> <strong>izmanto s\u012bkdatnes?<\/strong><\/p>\n<p>Mainso Marketing, SIA t\u012bmek\u013ca vietne izmanto s\u012bkdatnes, lai nodro\u0161in\u0101tu sist\u0113mas darb\u012bbu, v\u0101ktu statistikas datus par vietnes apmekl\u0113t\u0101ju IP adres\u0113m un p\u0101rl\u016bko\u0161anas inform\u0101ciju, apmekl\u0113taj\u0101m t\u012bmek\u013ca vietn\u0113m vai laiku, ko vietnes lietot\u0101ji pavada interneta vietn\u0113s, un \u013cautu t\u012bmek\u013ca vietnei atcer\u0113ties vietnes lietot\u0101ju izmantoto sist\u0113mu un izv\u0113li.<\/p>\n<p>S\u012bkdatnes \u013cauj Mainso Marketing, SIA sekot l\u012bdzi t\u012bmek\u013ca vietnes datpl\u016bsmai un lietot\u0101ju mijiedarb\u012bbai ar t\u012bmek\u013ca vietni &#8212; Mainso Marketing, SIA izmanto \u0161os datus, lai analiz\u0113tu apmekl\u0113t\u0101ju uzved\u012bbu un uzlabotu apmekl\u0113t\u0101ju pieredzi. \u0160\u012bs s\u012bkdatnes saglab\u0101 un izmanto Google Analytics, Gemius Audience un Facebook pixel r\u012bki.<\/p>\n<p>S\u012bkdatnes tiek saglab\u0101tas J\u016bsu ier\u012bc\u0113 tikai tad, ja J\u016bs piekr\u012btat (ja vien s\u012bkdatnes nav vajadz\u012bgas t\u012bmek\u013ca vietnes tehniskai funkcion\u0113\u0161anai). Tom\u0113r j\u0101\u0146em v\u0113r\u0101, ka, ja J\u016bs nepiekr\u012btat s\u012bkdat\u0146u izmanto\u0161anai, t\u012bmek\u013ca vietnes atsevi\u0161\u0137as funkcijas var nefunkcion\u0113t pien\u0101c\u012bgi vai nestr\u0101d\u0101t visp\u0101r.<\/p>\n<p>S\u012bkdat\u0146u izmanto\u0161anas tiesiskais pamats ir Mainso Marketing, SIA tiesisk\u0101 interese nodro\u0161in\u0101t t\u012bmek\u013ca vietnes tehnisko funkcionalit\u0101ti. Tam, ka s\u012bkdatnes tiek izmantotas, lai atcer\u0113tos J\u016bsu izv\u0113li vai statistikas nol\u016bk\u0101, tiesiskais pamats ir J\u016bsu piekri\u0161ana.<\/p>\n<p><strong>K\u0101 kontrol\u0113t s\u012bkdatnes?<\/strong><\/p>\n<p>J\u016bs varat kontrol\u0113t un\/vai dz\u0113st s\u012bkdatnes p\u0113c savas izv\u0113les \u2013 s\u012bk\u0101ku inform\u0101ciju skat\u012bt <a href=\"http:\/\/www.youronlinechoices.com\/\">http:\/\/www.youronlinechoices.com\/<\/a>. J\u016bs varat dz\u0113st visas s\u012bkdatnes, kas jau ir saglab\u0101tas J\u016bsu dator\u0101, un J\u016bs varat noteikt, lai p\u0101rl\u016bkprogramma ne\u013cauj t\u0101s saglab\u0101t. Bet t\u0101d\u0101 gad\u012bjum\u0101 Jums ir manu\u0101li j\u0101nor\u0101da izv\u0113le katru reizi, kad J\u016bs apmekl\u0113jat vietni, un da\u017ei pakalpojumi un funkcijas var nedarboties.<\/p>\n<p><strong>Cik ilgi <\/strong><strong>MAINSO MARKETING, SIA<\/strong> <strong>uzglab\u0101 personas datus?<\/strong><\/p>\n<p>J\u016bsu kontaktinform\u0101cija tiks glab\u0101ta un apstr\u0101d\u0101ta m\u0101rketinga nol\u016bk\u0101, kam\u0113r J\u016bs izmantojat Mainso Marketing, SIA m\u0101jaslapu.<\/p>\n<p>Personas dati, kas tiek izmantoti m\u0101rketinga nol\u016bk\u0101, tiek glab\u0101ti un apstr\u0101d\u0101ti, l\u012bdz J\u016bs atsaucat savu piekri\u0161anu un atsak\u0101ties no lietot\u0101ja profila izmanto\u0161anas, bet ne ilg\u0101k k\u0101 divus gadus p\u0113c J\u016bsu p\u0113d\u0113j\u0101s darb\u012bbas ar savu profilu vai juridisku saist\u012bbu izbeig\u0161an\u0101s starp Jums un Mainso Marketing, SIA, atkar\u012bb\u0101 no t\u0101, kur\u0161 no \u0161iem termi\u0146iem iest\u0101jas p\u0113d\u0113jais.<\/p>\n<p><strong>Cik ilgi <\/strong><strong>MAINSO MARKETING, SIA<\/strong> <strong>uzglab\u0101 statistikas datus?<\/strong><\/p>\n<p>Mainso Marketing, SIA izmanto v\u0101ktos statistikas datus anal\u012bzes nol\u016bk\u0101 tr\u012bs gadus.<\/p>\n<p>S\u012bkdatnes ir parasti der\u012bgas \u012bs\u0101ku termi\u0146u (dienu, ned\u0113\u013cu vai m\u0113nesi), da\u017eos gad\u012bjumos t\u0101s ir der\u012bgas vienu gadu.<\/p>\n<p><strong>Profil\u0113\u0161ana<\/strong><\/p>\n<p>Mainso Marketing, SIA var izmantot t\u012bmek\u013ca vietnes apmekl\u0113jumu statistikas datus, lai analiz\u0113tu Mainso Marketing, SIA apmekl\u0113t\u0101ju tendences un demogr\u0101fiju, bet Mainso Marketing, SIA nepie\u0161\u0137ir katram apmekl\u0113t\u0101jam individu\u0101lu profilu. J\u016bs personiski varat izveidot savu profilu, lai piln\u012bg\u0101k un \u0113rt\u0101k izmatotu m\u0101jaslap\u0101 izvietoto inform\u0101ciju un pakalpojumus.<\/p>\n<p><strong>J\u016bsu personas datus var atkl\u0101t<\/strong><\/p>\n<ul>\n<li>Mainso Marketing, SIA darbiniekiem, kuri sazin\u0101s ar Jums un kuri ir atbild\u012bgi par vietnes darb\u012bbu un m\u0101rketingu;<\/li>\n<li>tre\u0161aj\u0101m person\u0101m, kas sniedz Mainso Marketing, SIA, inform\u0101cijas tehnolo\u0123iju pakalpojumus, audita uz\u0146\u0113mumiem;<\/li>\n<li>citos likumos paredz\u0113tajos gad\u012bjumos.<\/li>\n<\/ul>\n<p>Statistikas datiem par t\u012bmek\u013ca vietnes apmekl\u0113t\u0101jiem var piek\u013c\u016bt Mainso Marketing, SIA darbinieki no Mainso Marketing, SIA m\u0101rketinga, p\u0101rdo\u0161anas un IT noda\u013cas, kuri ir atbild\u012bgi par t\u0101du datu anal\u012bzi un t\u012bmek\u013ca vietnes uzlabo\u0161anu.<\/p>\n<p>Mainso Marketing, SIA sadarb\u012bbas partneriem, kuri nodro\u0161ina t\u012bmek\u013ca vietnes satura p\u0101rvaldes r\u012bkus vai apkalpo t\u012bmek\u013ca vietni, var b\u016bt piek\u013cuve datub\u0101z\u0113m un tehniskajiem \u017eurn\u0101lfailiem.<\/p>\n<p>Google Analytics r\u012bku nodro\u0161ina Google Inc. (ASV uz\u0146\u0113mums), kuram ir piek\u013cuve \u0161\u012b r\u012bka v\u0101ktajiem statistikas datiem. Google Inc. ir pievienojusies ES-ASV Priv\u0101tuma aizsardz\u012bbas principiem, ES\u2013ASV Priv\u0101tuma aizsardz\u012bbas sarakstam, kas apstiprina, ka pakalpojumu sniedz\u0113js iev\u0113ro ES piepras\u012btos priv\u0101tuma standartus. \u0160im pakalpojumu sniedz\u0113jam ir piem\u0113rojamas ar\u012b l\u012bgumisk\u0101s saist\u012bbas, kas paredz\u0113tas priv\u0101tuma nodro\u0161in\u0101\u0161anai (pieejamas \u0161eit &#8212; <a href=\"https:\/\/www.google.com\/analytics\/terms\/dpa\/dataprocessingamendment_20160909.html\">https:\/\/www.google.com\/analytics\/terms\/dpa\/dataprocessingamendment_20160909.html<\/a>).<\/p>\n<p><strong>J\u016bsu ties\u012bbas un k\u0101 t\u0101s izmantot<\/strong><\/p>\n<p>J\u016bs varat piek\u013c\u016bt saviem personas datiem tie\u0161i sav\u0101 profil\u0101 vai sazinoties ar Mainso Marketing, SIA pa e-pastu <a href=\"mailto:datuaizsardziba@santa.lv\">datuaizsardziba@sweetevents.lv<\/a>. J\u016bs varat \u012bstenot savas ties\u012bbas:<\/p>\n<ul>\n<li>piepras\u012bt piek\u013c\u016bt J\u016bsu personas datiem;<\/li>\n<li>piepras\u012bt labot J\u016bsu personas datus;<\/li>\n<li>piepras\u012bt dz\u0113st J\u016bsu personas datus;<\/li>\n<li>atsaukt piekri\u0161anu J\u016bsu personas datu apstr\u0101dei, ja \u0161\u0101da pras\u012bba ir piem\u0113rojama.<\/li>\n<\/ul>\n<p>Jums var b\u016bt ties\u012bbas piepras\u012bt ierobe\u017eot J\u016bsu personas datu apstr\u0101di vai iebilst pret J\u016bsu personas datu apstr\u0101di.<\/p>\n<p>Ja personas dati tiek dz\u0113sti p\u0113c J\u016bsu l\u016bguma, Mainso Marketing, SIA saglab\u0101s tikai t\u0101das inform\u0101cijas kopiju, kas ir vajadz\u012bga, lai izpild\u012btu valsts iest\u0101\u017eu r\u012bkojumus, aizsarg\u0101tu Mainso Marketing, SIA vai tre\u0161o personu tiesisk\u0101s intereses, risin\u0101tu str\u012bdus, nov\u0113rstu probl\u0113mas vai izpild\u012btu jebk\u0101du l\u012bgumu, ko J\u016bs esat nosl\u0113dzis ar Mainso Marketing, SIA.<\/p>\n<p>J\u016bs varat atteikties no s\u012bkdatn\u0113m p\u0101rl\u016bkprogrammas izv\u0113ln\u0113 vai \u0161eit:<\/p>\n<ul>\n<li><a href=\"https:\/\/tools.google.com\/dlpage\/gaoptout\/\">https:\/\/tools.google.com\/dlpage\/gaoptout\/<\/a><\/li>\n<li><a href=\"http:\/\/www.youronlinechoices.com\/\">http:\/\/www.youronlinechoices.com\/<\/a><\/li>\n<\/ul>\n<p><strong>Ties\u012bbas iesniegt s\u016bdz\u012bbu<\/strong><\/p>\n<p>Ja Jums \u0161\u0137iet, ka J\u016bsu priv\u0101tuma ties\u012bbas ir p\u0101rk\u0101ptas, J\u016bs varat iesniegt s\u016bdz\u012bbu ES iest\u0101dei atbilsto\u0161i J\u016bsu past\u0101v\u012bgajai dz\u012bvesvietai.<\/p>\n<p>&nbsp;<\/p>\n<p>&nbsp;<\/p>\n","protected":false},"excerpt":{"rendered":"<p>Mainso Marketing, SIA t\u012bmek\u013ca vietnes www.sweetevents.lv PRIV\u0100TUMA POLITIKA Mainso Marketing, SIA v\u0101c datus par savas t\u012bmek\u013ca vietnes apmekl\u0113t\u0101jiem, lai saprastu, cik noder\u012bga ir t\u012bmek\u013ca vietne un k\u0101 to var\u0113tu uzlabot. Mainso Marketing, SIA datu v\u0101k\u0161anas praksi nosaka \u0161\u012b Priv\u0101tuma politika, kas ietver s\u012bku inform\u0101ciju par to, k\u0101dus datus Mainso Marketing, SIA v\u0101c, k\u0101 tos izmanto [&hellip;]<\/p>\n","protected":false},"author":1,"featured_media":0,"parent":0,"menu_order":0,"comment_status":"closed","ping_status":"closed","template":"","meta":[],"_links":{"self":[{"href":"https:\/\/myexpo.lv\/ru\/wp-json\/wp\/v2\/pages\/325"}],"collection":[{"href":"https:\/\/myexpo.lv\/ru\/wp-json\/wp\/v2\/pages"}],"about":[{"href":"https:\/\/myexpo.lv\/ru\/wp-json\/wp\/v2\/types\/page"}],"author":[{"embeddable":true,"href":"https:\/\/myexpo.lv\/ru\/wp-json\/wp\/v2\/users\/1"}],"replies":[{"embeddable":true,"href":"https:\/\/myexpo.lv\/ru\/wp-json\/wp\/v2\/comments?post=325"}],"version-history":[{"count":2,"href":"https:\/\/myexpo.lv\/ru\/wp-json\/wp\/v2\/pages\/325\/revisions"}],"predecessor-version":[{"id":1030,"href":"https:\/\/myexpo.lv\/ru\/wp-json\/wp\/v2\/pages\/325\/revisions\/1030"}],"wp:attachment":[{"href":"https:\/\/myexpo.lv\/ru\/wp-json\/wp\/v2\/media?parent=325"}],"curies":[{"name":"wp","href":"https:\/\/api.w.org\/{rel}","templated":true}]}}